{"id":132,"date":"2020-04-06T15:14:27","date_gmt":"2020-04-06T13:14:27","guid":{"rendered":"https:\/\/www.tecnopiu.it\/?page_id=132"},"modified":"2021-12-02T15:26:36","modified_gmt":"2021-12-02T14:26:36","slug":"home-page","status":"publish","type":"page","link":"https:\/\/www.tecnopiu.it\/en\/home-page\/","title":{"rendered":"Home Page"},"content":{"rendered":"<p>[vc_section el_id=&#8221;intro&#8221; el_class=&#8221;s&#8211;padding&#8221;][vc_row section_att=&#8221;div&#8221; el_id=&#8221;main-heading&#8221;][vc_column el_class=&#8221;heading&#8221;][simple_headings heading_type=&#8221;h1&#8243; heading_content=&#8221;A Leading Company in the Production of Accident-prevention Protections for Machine Tool&#8221; heading_class=&#8221;main-h1&#8243;][vc_column_text]Trasferire la qualit\u00e0 e l\u2019innovazione tecnologica della sua progettazione nel mondo delle protezioni antinfortunistiche per macchine utensili, \u00e8 stata la Vision che dal 1994, anno di inizio della sua attivit\u00e0, ha consentito a Tecno Piu Srl di creare prodotti pi\u00f9 robusti, versatili e all\u2019avanguardia che il mercato offre attualmente.<\/p>\n<p>\u201cSafety is not a target, It is a Way of life\u201d \u00e8 questo il motto di Tecno Pi\u00f9, cio\u00e8 la sicurezza sul posto di lavoro prima di tutto vista non come un obbiettivo da raggiungere, ma come \u201cscelta di vita\u201d, cio\u00e8 fornire non solo strumenti atti a salvaguardare l\u2019incolumit\u00e0 del lavoratore, ma soprattutto a prendere coscienza che lavorare in qualit\u00e0 e sicurezza \u00e8 la prima regola di un buon lavoratore ed \u00e8 la scelta che chiunque dovrebbe fare.<\/p>\n<p>Raggiungere questo obbiettivo, adottando i sistemi ideati da Tecno Pi\u00f9, quali il sistema a bracci con giunti frizionati con l\u2019intento di alleggerire il sistema mantenendo inalterata la resistenza agli urti e la capacit\u00e0 di trovare soluzione ai possibili problemi operativi dell\u2019utilizzatore in fase di progettazione al fine di ottimizzare il lavoro riducendo i tempi morti, sono le caratteristiche che hanno reso Tecno Pi\u00f9, l\u2019azienda leader nel settore delle protezioni per macchine utensili, nel mondo.[\/vc_column_text][\/vc_column][\/vc_row][vc_row disable_element=&#8221;yes&#8221; section_att=&#8221;div&#8221; el_id=&#8221;news&#8221;][vc_column][simple_headings heading_content=&#8221;Latest News&#8221; heading_class=&#8221;section-title&#8221;][flain_last_news][\/vc_column][\/vc_row][vc_row section_att=&#8221;div&#8221; el_id=&#8221;consafe-banner&#8221;][vc_column][vc_column_text]<\/p>\n<div class=\"banner-consafe\"><a href=\"https:\/\/www.consafe.it\/\" target=\"_blank\" rel=\"noopener noreferrer\"><img decoding=\"async\" src=\"https:\/\/www.tecnopiu.it\/wp-content\/uploads\/2020\/04\/consafe-eng.jpg\" \/><\/a><\/div>\n<p>[\/vc_column_text][\/vc_column][\/vc_row][vc_row disable_element=&#8221;yes&#8221;][vc_column width=&#8221;1\/3&#8243;][vc_column_text]<\/p>\n<p>I am text block. Click edit button to change this text. Lorem ipsum dolor sit amet, consectetur adipiscing elit. Ut elit tellus, luctus nec ullamcorper mattis, pulvinar dapibus leo.<\/p>\n<p>[\/vc_column_text][\/vc_column][vc_column width=&#8221;1\/3&#8243;][vc_column_text]I am text block. Click edit button to change this text. Lorem ipsum dolor sit amet, consectetur adipiscing elit. Ut elit tellus, luctus nec ullamcorper mattis, pulvinar dapibus leo.[\/vc_column_text][\/vc_column][vc_column width=&#8221;1\/3&#8243;][vc_column_text]I am text block. Click edit button to change this text. Lorem ipsum dolor sit amet, consectetur adipiscing elit. Ut elit tellus, luctus nec ullamcorper mattis, pulvinar dapibus leo.[\/vc_column_text][\/vc_column][\/vc_row][vc_row section_att=&#8221;div&#8221; el_id=&#8221;divider&#8221;][vc_column][\/vc_column][\/vc_row][vc_row section_att=&#8221;div&#8221; el_id=&#8221;discover&#8221;][vc_column][vc_column_text][flain_home_cat_shortcode][\/vc_column_text][\/vc_column][\/vc_row][vc_row][vc_column][vc_column_text]<\/p>\n<p class=\"p1\" style=\"text-align: center;\"><span class=\"s1\">Since 1994, when Tecno Pi\u00f9 was started, the Vision of the company has been to produce accident-prevention protections for machine tools with the quality and technological innovation of its design, thus creating the most heavy-duty and versatile products at the cutting edge of technology currently on the market&#8230;<\/span><\/p>\n<p>[\/vc_column_text][\/vc_column][\/vc_row][\/vc_section]<\/p>\n","protected":false},"excerpt":{"rendered":"<p>[vc_section el_id=&#8221;intro&#8221; el_class=&#8221;s&#8211;padding&#8221;][vc_row section_att=&#8221;div&#8221; el_id=&#8221;main-heading&#8221;][vc_column el_class=&#8221;heading&#8221;][simple_headings heading_type=&#8221;h1&#8243; heading_content=&#8221;A Leading Company in the Production of Accident-prevention Protections for Machine Tool&#8221; heading_class=&#8221;main-h1&#8243;][vc_column_text]Trasferire la qualit\u00e0 e l\u2019innovazione tecnologica della sua progettazione nel mondo delle protezioni antinfortunistiche per macchine utensili, \u00e8 stata la Vision che dal 1994, anno di inizio della sua attivit\u00e0, ha consentito a Tecno Piu Srl [&hellip;]<\/p>\n","protected":false},"author":1,"featured_media":0,"parent":0,"menu_order":0,"comment_status":"closed","ping_status":"closed","template":"flain-home-page.php","meta":{"_acf_changed":false,"footnotes":""},"class_list":["post-132","page","type-page","status-publish","hentry"],"acf":[],"yoast_head":"<!-- This site is optimized with the Yoast SEO plugin v27.1.1 - https:\/\/yoast.com\/product\/yoast-seo-wordpress\/ -->\n<title>Accident-prevention protections for machine tools: industrial accident-prevention guards | Tecno Pi\u00f9<\/title>\n<meta name=\"description\" content=\"Tecno Pi\u00f9 is a company which specialises in accident-prevention protections for machine tools and special industrial accident-prevention guards designed for manufacturing and mechanical companies.\" \/>\n<meta name=\"robots\" content=\"index, follow, max-snippet:-1, max-image-preview:large, max-video-preview:-1\" \/>\n<link rel=\"canonical\" href=\"https:\/\/www.tecnopiu.it\/en\/home-page\/\" \/>\n<meta property=\"og:locale\" content=\"en_US\" \/>\n<meta property=\"og:type\" content=\"article\" \/>\n<meta property=\"og:title\" content=\"Accident-prevention protections for machine tools: industrial accident-prevention guards | Tecno Pi\u00f9\" \/>\n<meta property=\"og:description\" content=\"Tecno Pi\u00f9 is a company which specialises in accident-prevention protections for machine tools and special industrial accident-prevention guards designed for manufacturing and mechanical companies.\" \/>\n<meta property=\"og:url\" content=\"https:\/\/www.tecnopiu.it\/en\/home-page\/\" \/>\n<meta property=\"og:site_name\" content=\"Tecno Pi\u00f9\" \/>\n<meta property=\"article:modified_time\" content=\"2021-12-02T14:26:36+00:00\" \/>\n<meta property=\"og:image\" content=\"https:\/\/www.tecnopiu.it\/wp-content\/uploads\/2020\/04\/facebook-cover.jpg\" \/>\n\t<meta property=\"og:image:width\" content=\"1200\" \/>\n\t<meta property=\"og:image:height\" content=\"630\" \/>\n\t<meta property=\"og:image:type\" content=\"image\/jpeg\" \/>\n<meta name=\"twitter:card\" content=\"summary_large_image\" \/>\n<meta name=\"twitter:image\" content=\"https:\/\/www.tecnopiu.it\/wp-content\/uploads\/2020\/04\/twitter-cover.jpg\" \/>\n<meta name=\"twitter:label1\" content=\"Est. reading time\" \/>\n\t<meta name=\"twitter:data1\" content=\"3 minutes\" \/>\n<script type=\"application\/ld+json\" class=\"yoast-schema-graph\">{\"@context\":\"https:\/\/schema.org\",\"@graph\":[{\"@type\":\"WebPage\",\"@id\":\"https:\/\/www.tecnopiu.it\/en\/home-page\/\",\"url\":\"https:\/\/www.tecnopiu.it\/en\/home-page\/\",\"name\":\"Accident-prevention protections for machine tools: industrial accident-prevention guards | Tecno Pi\u00f9\",\"isPartOf\":{\"@id\":\"https:\/\/www.tecnopiu.it\/en\/#website\"},\"primaryImageOfPage\":{\"@id\":\"https:\/\/www.tecnopiu.it\/en\/home-page\/#primaryimage\"},\"image\":{\"@id\":\"https:\/\/www.tecnopiu.it\/en\/home-page\/#primaryimage\"},\"thumbnailUrl\":\"https:\/\/www.tecnopiu.it\/wp-content\/uploads\/2020\/04\/consafe-eng.jpg\",\"datePublished\":\"2020-04-06T13:14:27+00:00\",\"dateModified\":\"2021-12-02T14:26:36+00:00\",\"description\":\"Tecno Pi\u00f9 is a company which specialises in accident-prevention protections for machine tools and special industrial accident-prevention guards designed for manufacturing and mechanical companies.\",\"breadcrumb\":{\"@id\":\"https:\/\/www.tecnopiu.it\/en\/home-page\/#breadcrumb\"},\"inLanguage\":\"en-US\",\"potentialAction\":[{\"@type\":\"ReadAction\",\"target\":[\"https:\/\/www.tecnopiu.it\/en\/home-page\/\"]}]},{\"@type\":\"ImageObject\",\"inLanguage\":\"en-US\",\"@id\":\"https:\/\/www.tecnopiu.it\/en\/home-page\/#primaryimage\",\"url\":\"https:\/\/www.tecnopiu.it\/wp-content\/uploads\/2020\/04\/consafe-eng.jpg\",\"contentUrl\":\"https:\/\/www.tecnopiu.it\/wp-content\/uploads\/2020\/04\/consafe-eng.jpg\"},{\"@type\":\"BreadcrumbList\",\"@id\":\"https:\/\/www.tecnopiu.it\/en\/home-page\/#breadcrumb\",\"itemListElement\":[{\"@type\":\"ListItem\",\"position\":1,\"name\":\"Home\",\"item\":\"https:\/\/www.tecnopiu.it\/en\/\"},{\"@type\":\"ListItem\",\"position\":2,\"name\":\"Home Page\"}]},{\"@type\":\"WebSite\",\"@id\":\"https:\/\/www.tecnopiu.it\/en\/#website\",\"url\":\"https:\/\/www.tecnopiu.it\/en\/\",\"name\":\"Tecno Pi\u00f9\",\"description\":\"\",\"publisher\":{\"@id\":\"https:\/\/www.tecnopiu.it\/en\/#organization\"},\"potentialAction\":[{\"@type\":\"SearchAction\",\"target\":{\"@type\":\"EntryPoint\",\"urlTemplate\":\"https:\/\/www.tecnopiu.it\/en\/?s={search_term_string}\"},\"query-input\":{\"@type\":\"PropertyValueSpecification\",\"valueRequired\":true,\"valueName\":\"search_term_string\"}}],\"inLanguage\":\"en-US\"},{\"@type\":\"Organization\",\"@id\":\"https:\/\/www.tecnopiu.it\/en\/#organization\",\"name\":\"Tecno Pi\u00f9\",\"url\":\"https:\/\/www.tecnopiu.it\/en\/\",\"logo\":{\"@type\":\"ImageObject\",\"inLanguage\":\"en-US\",\"@id\":\"https:\/\/www.tecnopiu.it\/en\/#\/schema\/logo\/image\/\",\"url\":\"https:\/\/www.tecnopiu.it\/wp-content\/uploads\/2023\/05\/tecnopiu-std.png\",\"contentUrl\":\"https:\/\/www.tecnopiu.it\/wp-content\/uploads\/2023\/05\/tecnopiu-std.png\",\"width\":652,\"height\":156,\"caption\":\"Tecno Pi\u00f9\"},\"image\":{\"@id\":\"https:\/\/www.tecnopiu.it\/en\/#\/schema\/logo\/image\/\"}}]}<\/script>\n<!-- \/ Yoast SEO plugin. -->","yoast_head_json":{"title":"Accident-prevention protections for machine tools: industrial accident-prevention guards | Tecno Pi\u00f9","description":"Tecno Pi\u00f9 is a company which specialises in accident-prevention protections for machine tools and special industrial accident-prevention guards designed for manufacturing and mechanical companies.","robots":{"index":"index","follow":"follow","max-snippet":"max-snippet:-1","max-image-preview":"max-image-preview:large","max-video-preview":"max-video-preview:-1"},"canonical":"https:\/\/www.tecnopiu.it\/en\/home-page\/","og_locale":"en_US","og_type":"article","og_title":"Accident-prevention protections for machine tools: industrial accident-prevention guards | Tecno Pi\u00f9","og_description":"Tecno Pi\u00f9 is a company which specialises in accident-prevention protections for machine tools and special industrial accident-prevention guards designed for manufacturing and mechanical companies.","og_url":"https:\/\/www.tecnopiu.it\/en\/home-page\/","og_site_name":"Tecno Pi\u00f9","article_modified_time":"2021-12-02T14:26:36+00:00","og_image":[{"width":1200,"height":630,"url":"https:\/\/www.tecnopiu.it\/wp-content\/uploads\/2020\/04\/facebook-cover.jpg","type":"image\/jpeg"}],"twitter_card":"summary_large_image","twitter_image":"https:\/\/www.tecnopiu.it\/wp-content\/uploads\/2020\/04\/twitter-cover.jpg","twitter_misc":{"Est. reading time":"3 minutes"},"schema":{"@context":"https:\/\/schema.org","@graph":[{"@type":"WebPage","@id":"https:\/\/www.tecnopiu.it\/en\/home-page\/","url":"https:\/\/www.tecnopiu.it\/en\/home-page\/","name":"Accident-prevention protections for machine tools: industrial accident-prevention guards | Tecno Pi\u00f9","isPartOf":{"@id":"https:\/\/www.tecnopiu.it\/en\/#website"},"primaryImageOfPage":{"@id":"https:\/\/www.tecnopiu.it\/en\/home-page\/#primaryimage"},"image":{"@id":"https:\/\/www.tecnopiu.it\/en\/home-page\/#primaryimage"},"thumbnailUrl":"https:\/\/www.tecnopiu.it\/wp-content\/uploads\/2020\/04\/consafe-eng.jpg","datePublished":"2020-04-06T13:14:27+00:00","dateModified":"2021-12-02T14:26:36+00:00","description":"Tecno Pi\u00f9 is a company which specialises in accident-prevention protections for machine tools and special industrial accident-prevention guards designed for manufacturing and mechanical companies.","breadcrumb":{"@id":"https:\/\/www.tecnopiu.it\/en\/home-page\/#breadcrumb"},"inLanguage":"en-US","potentialAction":[{"@type":"ReadAction","target":["https:\/\/www.tecnopiu.it\/en\/home-page\/"]}]},{"@type":"ImageObject","inLanguage":"en-US","@id":"https:\/\/www.tecnopiu.it\/en\/home-page\/#primaryimage","url":"https:\/\/www.tecnopiu.it\/wp-content\/uploads\/2020\/04\/consafe-eng.jpg","contentUrl":"https:\/\/www.tecnopiu.it\/wp-content\/uploads\/2020\/04\/consafe-eng.jpg"},{"@type":"BreadcrumbList","@id":"https:\/\/www.tecnopiu.it\/en\/home-page\/#breadcrumb","itemListElement":[{"@type":"ListItem","position":1,"name":"Home","item":"https:\/\/www.tecnopiu.it\/en\/"},{"@type":"ListItem","position":2,"name":"Home Page"}]},{"@type":"WebSite","@id":"https:\/\/www.tecnopiu.it\/en\/#website","url":"https:\/\/www.tecnopiu.it\/en\/","name":"Tecno Pi\u00f9","description":"","publisher":{"@id":"https:\/\/www.tecnopiu.it\/en\/#organization"},"potentialAction":[{"@type":"SearchAction","target":{"@type":"EntryPoint","urlTemplate":"https:\/\/www.tecnopiu.it\/en\/?s={search_term_string}"},"query-input":{"@type":"PropertyValueSpecification","valueRequired":true,"valueName":"search_term_string"}}],"inLanguage":"en-US"},{"@type":"Organization","@id":"https:\/\/www.tecnopiu.it\/en\/#organization","name":"Tecno Pi\u00f9","url":"https:\/\/www.tecnopiu.it\/en\/","logo":{"@type":"ImageObject","inLanguage":"en-US","@id":"https:\/\/www.tecnopiu.it\/en\/#\/schema\/logo\/image\/","url":"https:\/\/www.tecnopiu.it\/wp-content\/uploads\/2023\/05\/tecnopiu-std.png","contentUrl":"https:\/\/www.tecnopiu.it\/wp-content\/uploads\/2023\/05\/tecnopiu-std.png","width":652,"height":156,"caption":"Tecno Pi\u00f9"},"image":{"@id":"https:\/\/www.tecnopiu.it\/en\/#\/schema\/logo\/image\/"}}]}},"_links":{"self":[{"href":"https:\/\/www.tecnopiu.it\/en\/wp-json\/wp\/v2\/pages\/132","targetHints":{"allow":["GET"]}}],"collection":[{"href":"https:\/\/www.tecnopiu.it\/en\/wp-json\/wp\/v2\/pages"}],"about":[{"href":"https:\/\/www.tecnopiu.it\/en\/wp-json\/wp\/v2\/types\/page"}],"author":[{"embeddable":true,"href":"https:\/\/www.tecnopiu.it\/en\/wp-json\/wp\/v2\/users\/1"}],"replies":[{"embeddable":true,"href":"https:\/\/www.tecnopiu.it\/en\/wp-json\/wp\/v2\/comments?post=132"}],"version-history":[{"count":0,"href":"https:\/\/www.tecnopiu.it\/en\/wp-json\/wp\/v2\/pages\/132\/revisions"}],"wp:attachment":[{"href":"https:\/\/www.tecnopiu.it\/en\/wp-json\/wp\/v2\/media?parent=132"}],"curies":[{"name":"wp","href":"https:\/\/api.w.org\/{rel}","templated":true}]}}