{"id":106,"date":"2020-04-06T15:14:27","date_gmt":"2020-04-06T13:14:27","guid":{"rendered":"https:\/\/www.tecnopiu.it\/?page_id=106"},"modified":"2021-12-02T15:26:25","modified_gmt":"2021-12-02T14:26:25","slug":"home-page","status":"publish","type":"page","link":"https:\/\/www.tecnopiu.it\/it\/home-page\/","title":{"rendered":"Home Page"},"content":{"rendered":"<p>[vc_section el_id=&#8221;intro&#8221; el_class=&#8221;s&#8211;padding&#8221;][vc_row section_att=&#8221;div&#8221; el_id=&#8221;main-heading&#8221;][vc_column el_class=&#8221;heading&#8221;][simple_headings heading_type=&#8221;h1&#8243; heading_content=&#8221;Leader Nella Produzione di Protezioni Antinfortunistiche per Macchine Utensili&#8221; heading_class=&#8221;main-h1&#8243;][vc_column_text]Trasferire la qualit\u00e0 e l\u2019innovazione tecnologica della sua progettazione nel mondo delle protezioni antinfortunistiche per macchine utensili, \u00e8 stata la Vision che dal 1994, anno di inizio della sua attivit\u00e0, ha consentito a Tecno Piu Srl di creare prodotti pi\u00f9 robusti, versatili e all\u2019avanguardia che il mercato offre attualmente.<\/p>\n<p>\u201cSafety is not a target, It is a Way of life\u201d \u00e8 questo il motto di Tecno Pi\u00f9, cio\u00e8 la sicurezza sul posto di lavoro prima di tutto vista non come un obbiettivo da raggiungere, ma come \u201cscelta di vita\u201d, cio\u00e8 fornire non solo strumenti atti a salvaguardare l\u2019incolumit\u00e0 del lavoratore, ma soprattutto a prendere coscienza che lavorare in qualit\u00e0 e sicurezza \u00e8 la prima regola di un buon lavoratore ed \u00e8 la scelta che chiunque dovrebbe fare.<\/p>\n<p>Raggiungere questo obbiettivo, adottando i sistemi ideati da Tecno Pi\u00f9, quali il sistema a bracci con giunti frizionati con l\u2019intento di alleggerire il sistema mantenendo inalterata la resistenza agli urti e la capacit\u00e0 di trovare soluzione ai possibili problemi operativi dell\u2019utilizzatore in fase di progettazione al fine di ottimizzare il lavoro riducendo i tempi morti, sono le caratteristiche che hanno reso Tecno Pi\u00f9, l\u2019azienda leader nel settore delle protezioni per macchine utensili, nel mondo.[\/vc_column_text][\/vc_column][\/vc_row][vc_row disable_element=&#8221;yes&#8221; section_att=&#8221;div&#8221; el_id=&#8221;news&#8221;][vc_column][simple_headings heading_content=&#8221;Ultime News&#8221; heading_class=&#8221;section-title&#8221;][flain_last_news][\/vc_column][\/vc_row][vc_row section_att=&#8221;div&#8221; el_id=&#8221;consafe-banner&#8221;][vc_column][vc_column_text]<\/p>\n<div class=\"banner-consafe\"><a href=\"https:\/\/www.consafe.it\/\" target=\"_blank\" rel=\"noopener noreferrer\"><img decoding=\"async\" src=\"https:\/\/www.tecnopiu.it\/wp-content\/uploads\/2021\/05\/consafe.png\" \/><\/a><\/div>\n<p>[\/vc_column_text][\/vc_column][\/vc_row][vc_row disable_element=&#8221;yes&#8221;][vc_column width=&#8221;1\/3&#8243;][vc_column_text]<\/p>\n<p>I am text block. Click edit button to change this text. Lorem ipsum dolor sit amet, consectetur adipiscing elit. Ut elit tellus, luctus nec ullamcorper mattis, pulvinar dapibus leo.<\/p>\n<p>[\/vc_column_text][\/vc_column][vc_column width=&#8221;1\/3&#8243;][vc_column_text]I am text block. Click edit button to change this text. Lorem ipsum dolor sit amet, consectetur adipiscing elit. Ut elit tellus, luctus nec ullamcorper mattis, pulvinar dapibus leo.[\/vc_column_text][\/vc_column][vc_column width=&#8221;1\/3&#8243;][vc_column_text]I am text block. Click edit button to change this text. Lorem ipsum dolor sit amet, consectetur adipiscing elit. Ut elit tellus, luctus nec ullamcorper mattis, pulvinar dapibus leo.[\/vc_column_text][\/vc_column][\/vc_row][vc_row section_att=&#8221;div&#8221; el_id=&#8221;divider&#8221;][vc_column][\/vc_column][\/vc_row][vc_row section_att=&#8221;div&#8221; el_id=&#8221;discover&#8221;][vc_column][vc_column_text][flain_home_cat_shortcode][\/vc_column_text][\/vc_column][\/vc_row][vc_row][vc_column][vc_column_text]<\/p>\n<p class=\"p1\" style=\"text-align: center;\"><span class=\"s1\">Trasferire la qualit\u00e0 e l\u2019innovazione tecnologica della sua progettazione nel mondo delle protezioni antinfortunistiche per macchine utensili, \u00e8 stata la Vision che dal 1994. Anno di inizio della sua attivit\u00e0, ha consentito alla Tecno Pi\u00f9 Srl, di creare i prodotti, pi\u00f9 robusti, versatili e all\u2019avanguardia che il mercato offre attualmente.<\/span><\/p>\n<p>[\/vc_column_text][\/vc_column][\/vc_row][\/vc_section]<\/p>\n","protected":false},"excerpt":{"rendered":"<p>[vc_section el_id=&#8221;intro&#8221; el_class=&#8221;s&#8211;padding&#8221;][vc_row section_att=&#8221;div&#8221; el_id=&#8221;main-heading&#8221;][vc_column el_class=&#8221;heading&#8221;][simple_headings heading_type=&#8221;h1&#8243; heading_content=&#8221;Leader Nella Produzione di Protezioni Antinfortunistiche per Macchine Utensili&#8221; heading_class=&#8221;main-h1&#8243;][vc_column_text]Trasferire la qualit\u00e0 e l\u2019innovazione tecnologica della sua progettazione nel mondo delle protezioni antinfortunistiche per macchine utensili, \u00e8 stata la Vision che dal 1994, anno di inizio della sua attivit\u00e0, ha consentito a Tecno Piu Srl di creare prodotti [&hellip;]<\/p>\n","protected":false},"author":1,"featured_media":0,"parent":0,"menu_order":0,"comment_status":"closed","ping_status":"closed","template":"flain-home-page.php","meta":{"_acf_changed":false,"footnotes":""},"class_list":["post-106","page","type-page","status-publish","hentry"],"acf":[],"yoast_head":"<!-- This site is optimized with the Yoast SEO plugin v27.1.1 - https:\/\/yoast.com\/product\/yoast-seo-wordpress\/ -->\n<title>Protezioni antinfortunistiche per macchine utensili: ripari antinfortunistici industriali | Tecno Pi\u00f9<\/title>\n<meta name=\"description\" content=\"Tecno Pi\u00f9 \u00e8 un\u2019azienda esperta in protezioni antinfortunistiche per macchine utensili, speciali ripari antinfortunistici per industrie pensati per aziende manifatturiere e meccaniche.\" \/>\n<meta name=\"robots\" content=\"index, follow, max-snippet:-1, max-image-preview:large, max-video-preview:-1\" \/>\n<link rel=\"canonical\" href=\"https:\/\/www.tecnopiu.it\/it\/home-page\/\" \/>\n<meta property=\"og:locale\" content=\"it_IT\" \/>\n<meta property=\"og:type\" content=\"article\" \/>\n<meta property=\"og:title\" content=\"Protezioni antinfortunistiche per macchine utensili: ripari antinfortunistici industriali | Tecno Pi\u00f9\" \/>\n<meta property=\"og:description\" content=\"Tecno Pi\u00f9 \u00e8 un\u2019azienda esperta in protezioni antinfortunistiche per macchine utensili, speciali ripari antinfortunistici per industrie pensati per aziende manifatturiere e meccaniche.\" \/>\n<meta property=\"og:url\" content=\"https:\/\/www.tecnopiu.it\/it\/home-page\/\" \/>\n<meta property=\"og:site_name\" content=\"Tecno Pi\u00f9\" \/>\n<meta property=\"article:modified_time\" content=\"2021-12-02T14:26:25+00:00\" \/>\n<meta property=\"og:image\" content=\"https:\/\/www.tecnopiu.it\/wp-content\/uploads\/2020\/04\/facebook-cover.jpg\" \/>\n\t<meta property=\"og:image:width\" content=\"1200\" \/>\n\t<meta property=\"og:image:height\" content=\"630\" \/>\n\t<meta property=\"og:image:type\" content=\"image\/jpeg\" \/>\n<meta name=\"twitter:card\" content=\"summary_large_image\" \/>\n<meta name=\"twitter:image\" content=\"https:\/\/www.tecnopiu.it\/wp-content\/uploads\/2020\/04\/twitter-cover.jpg\" \/>\n<meta name=\"twitter:label1\" content=\"Tempo di lettura stimato\" \/>\n\t<meta name=\"twitter:data1\" content=\"3 minuti\" \/>\n<script type=\"application\/ld+json\" class=\"yoast-schema-graph\">{\"@context\":\"https:\/\/schema.org\",\"@graph\":[{\"@type\":\"WebPage\",\"@id\":\"https:\/\/www.tecnopiu.it\/it\/home-page\/\",\"url\":\"https:\/\/www.tecnopiu.it\/it\/home-page\/\",\"name\":\"Protezioni antinfortunistiche per macchine utensili: ripari antinfortunistici industriali | Tecno Pi\u00f9\",\"isPartOf\":{\"@id\":\"https:\/\/www.tecnopiu.it\/it\/#website\"},\"primaryImageOfPage\":{\"@id\":\"https:\/\/www.tecnopiu.it\/it\/home-page\/#primaryimage\"},\"image\":{\"@id\":\"https:\/\/www.tecnopiu.it\/it\/home-page\/#primaryimage\"},\"thumbnailUrl\":\"https:\/\/www.tecnopiu.it\/wp-content\/uploads\/2021\/05\/consafe.png\",\"datePublished\":\"2020-04-06T13:14:27+00:00\",\"dateModified\":\"2021-12-02T14:26:25+00:00\",\"description\":\"Tecno Pi\u00f9 \u00e8 un\u2019azienda esperta in protezioni antinfortunistiche per macchine utensili, speciali ripari antinfortunistici per industrie pensati per aziende manifatturiere e meccaniche.\",\"breadcrumb\":{\"@id\":\"https:\/\/www.tecnopiu.it\/it\/home-page\/#breadcrumb\"},\"inLanguage\":\"it-IT\",\"potentialAction\":[{\"@type\":\"ReadAction\",\"target\":[\"https:\/\/www.tecnopiu.it\/it\/home-page\/\"]}]},{\"@type\":\"ImageObject\",\"inLanguage\":\"it-IT\",\"@id\":\"https:\/\/www.tecnopiu.it\/it\/home-page\/#primaryimage\",\"url\":\"https:\/\/www.tecnopiu.it\/wp-content\/uploads\/2021\/05\/consafe.png\",\"contentUrl\":\"https:\/\/www.tecnopiu.it\/wp-content\/uploads\/2021\/05\/consafe.png\"},{\"@type\":\"BreadcrumbList\",\"@id\":\"https:\/\/www.tecnopiu.it\/it\/home-page\/#breadcrumb\",\"itemListElement\":[{\"@type\":\"ListItem\",\"position\":1,\"name\":\"Home\",\"item\":\"https:\/\/www.tecnopiu.it\/it\/\"},{\"@type\":\"ListItem\",\"position\":2,\"name\":\"Home Page\"}]},{\"@type\":\"WebSite\",\"@id\":\"https:\/\/www.tecnopiu.it\/it\/#website\",\"url\":\"https:\/\/www.tecnopiu.it\/it\/\",\"name\":\"Tecno Pi\u00f9\",\"description\":\"\",\"publisher\":{\"@id\":\"https:\/\/www.tecnopiu.it\/it\/#organization\"},\"potentialAction\":[{\"@type\":\"SearchAction\",\"target\":{\"@type\":\"EntryPoint\",\"urlTemplate\":\"https:\/\/www.tecnopiu.it\/it\/?s={search_term_string}\"},\"query-input\":{\"@type\":\"PropertyValueSpecification\",\"valueRequired\":true,\"valueName\":\"search_term_string\"}}],\"inLanguage\":\"it-IT\"},{\"@type\":\"Organization\",\"@id\":\"https:\/\/www.tecnopiu.it\/it\/#organization\",\"name\":\"Tecno Pi\u00f9\",\"url\":\"https:\/\/www.tecnopiu.it\/it\/\",\"logo\":{\"@type\":\"ImageObject\",\"inLanguage\":\"it-IT\",\"@id\":\"https:\/\/www.tecnopiu.it\/it\/#\/schema\/logo\/image\/\",\"url\":\"https:\/\/www.tecnopiu.it\/wp-content\/uploads\/2023\/05\/tecnopiu-std.png\",\"contentUrl\":\"https:\/\/www.tecnopiu.it\/wp-content\/uploads\/2023\/05\/tecnopiu-std.png\",\"width\":652,\"height\":156,\"caption\":\"Tecno Pi\u00f9\"},\"image\":{\"@id\":\"https:\/\/www.tecnopiu.it\/it\/#\/schema\/logo\/image\/\"}}]}<\/script>\n<!-- \/ Yoast SEO plugin. -->","yoast_head_json":{"title":"Protezioni antinfortunistiche per macchine utensili: ripari antinfortunistici industriali | Tecno Pi\u00f9","description":"Tecno Pi\u00f9 \u00e8 un\u2019azienda esperta in protezioni antinfortunistiche per macchine utensili, speciali ripari antinfortunistici per industrie pensati per aziende manifatturiere e meccaniche.","robots":{"index":"index","follow":"follow","max-snippet":"max-snippet:-1","max-image-preview":"max-image-preview:large","max-video-preview":"max-video-preview:-1"},"canonical":"https:\/\/www.tecnopiu.it\/it\/home-page\/","og_locale":"it_IT","og_type":"article","og_title":"Protezioni antinfortunistiche per macchine utensili: ripari antinfortunistici industriali | Tecno Pi\u00f9","og_description":"Tecno Pi\u00f9 \u00e8 un\u2019azienda esperta in protezioni antinfortunistiche per macchine utensili, speciali ripari antinfortunistici per industrie pensati per aziende manifatturiere e meccaniche.","og_url":"https:\/\/www.tecnopiu.it\/it\/home-page\/","og_site_name":"Tecno Pi\u00f9","article_modified_time":"2021-12-02T14:26:25+00:00","og_image":[{"width":1200,"height":630,"url":"https:\/\/www.tecnopiu.it\/wp-content\/uploads\/2020\/04\/facebook-cover.jpg","type":"image\/jpeg"}],"twitter_card":"summary_large_image","twitter_image":"https:\/\/www.tecnopiu.it\/wp-content\/uploads\/2020\/04\/twitter-cover.jpg","twitter_misc":{"Tempo di lettura stimato":"3 minuti"},"schema":{"@context":"https:\/\/schema.org","@graph":[{"@type":"WebPage","@id":"https:\/\/www.tecnopiu.it\/it\/home-page\/","url":"https:\/\/www.tecnopiu.it\/it\/home-page\/","name":"Protezioni antinfortunistiche per macchine utensili: ripari antinfortunistici industriali | Tecno Pi\u00f9","isPartOf":{"@id":"https:\/\/www.tecnopiu.it\/it\/#website"},"primaryImageOfPage":{"@id":"https:\/\/www.tecnopiu.it\/it\/home-page\/#primaryimage"},"image":{"@id":"https:\/\/www.tecnopiu.it\/it\/home-page\/#primaryimage"},"thumbnailUrl":"https:\/\/www.tecnopiu.it\/wp-content\/uploads\/2021\/05\/consafe.png","datePublished":"2020-04-06T13:14:27+00:00","dateModified":"2021-12-02T14:26:25+00:00","description":"Tecno Pi\u00f9 \u00e8 un\u2019azienda esperta in protezioni antinfortunistiche per macchine utensili, speciali ripari antinfortunistici per industrie pensati per aziende manifatturiere e meccaniche.","breadcrumb":{"@id":"https:\/\/www.tecnopiu.it\/it\/home-page\/#breadcrumb"},"inLanguage":"it-IT","potentialAction":[{"@type":"ReadAction","target":["https:\/\/www.tecnopiu.it\/it\/home-page\/"]}]},{"@type":"ImageObject","inLanguage":"it-IT","@id":"https:\/\/www.tecnopiu.it\/it\/home-page\/#primaryimage","url":"https:\/\/www.tecnopiu.it\/wp-content\/uploads\/2021\/05\/consafe.png","contentUrl":"https:\/\/www.tecnopiu.it\/wp-content\/uploads\/2021\/05\/consafe.png"},{"@type":"BreadcrumbList","@id":"https:\/\/www.tecnopiu.it\/it\/home-page\/#breadcrumb","itemListElement":[{"@type":"ListItem","position":1,"name":"Home","item":"https:\/\/www.tecnopiu.it\/it\/"},{"@type":"ListItem","position":2,"name":"Home Page"}]},{"@type":"WebSite","@id":"https:\/\/www.tecnopiu.it\/it\/#website","url":"https:\/\/www.tecnopiu.it\/it\/","name":"Tecno Pi\u00f9","description":"","publisher":{"@id":"https:\/\/www.tecnopiu.it\/it\/#organization"},"potentialAction":[{"@type":"SearchAction","target":{"@type":"EntryPoint","urlTemplate":"https:\/\/www.tecnopiu.it\/it\/?s={search_term_string}"},"query-input":{"@type":"PropertyValueSpecification","valueRequired":true,"valueName":"search_term_string"}}],"inLanguage":"it-IT"},{"@type":"Organization","@id":"https:\/\/www.tecnopiu.it\/it\/#organization","name":"Tecno Pi\u00f9","url":"https:\/\/www.tecnopiu.it\/it\/","logo":{"@type":"ImageObject","inLanguage":"it-IT","@id":"https:\/\/www.tecnopiu.it\/it\/#\/schema\/logo\/image\/","url":"https:\/\/www.tecnopiu.it\/wp-content\/uploads\/2023\/05\/tecnopiu-std.png","contentUrl":"https:\/\/www.tecnopiu.it\/wp-content\/uploads\/2023\/05\/tecnopiu-std.png","width":652,"height":156,"caption":"Tecno Pi\u00f9"},"image":{"@id":"https:\/\/www.tecnopiu.it\/it\/#\/schema\/logo\/image\/"}}]}},"_links":{"self":[{"href":"https:\/\/www.tecnopiu.it\/it\/wp-json\/wp\/v2\/pages\/106","targetHints":{"allow":["GET"]}}],"collection":[{"href":"https:\/\/www.tecnopiu.it\/it\/wp-json\/wp\/v2\/pages"}],"about":[{"href":"https:\/\/www.tecnopiu.it\/it\/wp-json\/wp\/v2\/types\/page"}],"author":[{"embeddable":true,"href":"https:\/\/www.tecnopiu.it\/it\/wp-json\/wp\/v2\/users\/1"}],"replies":[{"embeddable":true,"href":"https:\/\/www.tecnopiu.it\/it\/wp-json\/wp\/v2\/comments?post=106"}],"version-history":[{"count":0,"href":"https:\/\/www.tecnopiu.it\/it\/wp-json\/wp\/v2\/pages\/106\/revisions"}],"wp:attachment":[{"href":"https:\/\/www.tecnopiu.it\/it\/wp-json\/wp\/v2\/media?parent=106"}],"curies":[{"name":"wp","href":"https:\/\/api.w.org\/{rel}","templated":true}]}}