{"id":5482,"date":"2024-08-05T22:59:07","date_gmt":"2024-08-05T20:59:07","guid":{"rendered":"https:\/\/www.tecnopiu.it\/?post_type=product&#038;p=5482"},"modified":"2025-02-13T09:13:03","modified_gmt":"2025-02-13T08:13:03","slug":"lubrorefrigeratore-aria-olio-oiljet-per-segatrici-a-nastro-a-disco-e-macchine-generiche","status":"publish","type":"product","link":"https:\/\/www.tecnopiu.it\/it\/prodotto\/lubrorefrigeratore-aria-olio-oiljet-per-segatrici-a-nastro-a-disco-e-macchine-generiche\/","title":{"rendered":" LSG.01 - Lubrorefrigeratore Aria-Olio OilJet per segatrici a nastro, a disco e macchine generiche"},"content":{"rendered":"<div class=\"page\" title=\"Page 1\">\n<div class=\"layoutArea\">\n<div class=\"column\">\n<div class=\"page\" title=\"Page 1\">\n<div class=\"layoutArea\">\n<div class=\"column\">\n<p>Il Lubrorefrigeratore mod. LSG.01 e\u0300 stato appositamente progettato per un utilizzo su Segatrici a nastro, Segatrici a disco per leghe leggere e tutte quelle macchine che necessitano di lubrificare, raffreddare l&#8217;utensile ed il pezzo in lavorazione in un punto ben definito. Questo avviene grazie al particolare ugello erogatore cilindricocon \u00d8 di soli 4mm, quindi idoneo ad essere eventualmente introdotto in un apposito foro. Il dispositivo svolge la duplice funzione di raffreddamento e lubrificazione del tipo Minimale, grazie all&#8217;apporto di piccole quantita\u0300 di fluido lubrificante trasportate dal flusso continuo di aria compressa. In base alla versione, la console dispone di uno o piu\u0300 regolatori micrometrici di portata per Aria e Olio, cosi\u0300 da poter erogare un flusso variabile di miscela aria-lubrificante. &#8211;<\/p>\n<p>Il dispositivo, sfruttando il noto &#8220;Principio Venturi&#8221;, aspira il fluido dal serbatoio e lo miscela all\u2019aria compressa all\u2019interno dell&#8217;elemento terminale, ove \u00e8 introdotto il tubo erogatore flessibile. Quest&#8217;ultimo provvede a veicolare la miscela Aria-Olio sino al vero e proprio ugello erogatore cilindrico.<\/p>\n<p>La famiglia LSG.01 \u00e8 costituita da due versioni, definite tipo A e B, diversificate tra loro nella dotazione di serie e nella configurazione dell&#8217;unit\u00e0 miscelatrice (da qui a seguito definita: Console). Entrambe sono proposte con il medesimo tubo erogatore in versione a singolo ugello o doppio. La versione a singolo ugello \u00e8 normalmente utilizzata su segatrici a nastro (vedasi foto sopra), mentre la versione a doppio ugello si presta ad un utilizzo su segatrici a disco veloce (ad esempio per leghe leggere) sulle quali pu\u00f2 essere fondamentale erogare il fluido lubrificante su entrambi i lati della lama.<\/p>\n<p>Caratteristica fondamentale comune a tutti gli articoli della gamma OilJet \u00e8 il fatto che l\u2019attenta progettazione, unita all\u2019utilizzo di componentistica di assoluta qualit\u00e0, consente di poter effettuare regolazioni dalle pi\u00f9 micrometriche, senza formazione di fastidiosi aerosol, a quelle con notevole apporto di fluido lubrificante.<\/p>\n<\/div>\n<ul>\n<li>Tutti i modelli sfruttano il principio<strong> Venturi<\/strong>, quindi il fluido viene <strong>aspirato<\/strong> dal serbatorio e successivamente miscelato all\u2019aria compressa. Questo avviene secondo una diversa modalit\u00e0 tra le due macro-famiglie: <strong>LMG01 <\/strong>+<strong>01<\/strong>, rispetto a <strong>LTS.02<\/strong><\/li>\n<\/ul>\n<p style=\"font-weight: 400;\">Il risultato finale \u00e8 molto simile e con predisposizioni pi\u00f9 o meno marcate verso certi utilizzi \u2026\u2026\u2026. come a seguito viene descritto.<\/p>\n<ul>\n<li>Sono progettati per utilizzare indistintamente tutti i fluidi lubrorefrigeranti normalmente conosciuti, descritti a seguito.<\/li>\n<\/ul>\n<ul>\n<li>Non prevedono la raccolta e il riutilizzo del fluido utilizzato, in quanto le modeste quantit\u00e0 erogate, in parte si deposita sui pezzi in lavorazione, contribuendo a salvaguardarli da ossidazioni, evapora spontaneamente e in parte si disperde tra scarti di lavorazione.<\/li>\n<\/ul>\n<ul>\n<li>Le macchine destinatarie sono quelle descritte nelle varie schede tecniche di ciascun modello, estendendosi a macchine speciali ed attrezzature varie per lavorazioni meccaniche. Infatti, in base alle caratteristiche di una determinata \u201cmacchina speciale\u201d, \u00e8 possibile optare per uno o altro modello.<\/li>\n<\/ul>\n<ul>\n<li>Come \u00e8 ben definito nei rispettivi <strong>Manuali d\u2019uso e manutenzione<\/strong>, per ragioni di sicurezza e coerenza generale, gli articoli <strong>OilJet<\/strong> non si propongono per la sostituzione <strong>\u201ca prescindere\u201d<\/strong> dell\u2019impianto originario, di lubrorefrigerazione <strong>a getto continuo di fluido<\/strong>. Infatti, oltre certi limiti di <strong>capacit\u00e0-gravosit\u00e0 di lavorazione di determinate macchine,<\/strong> le prestazioni garantite dai sistemi minimali (detti MQL) non sarebbero sufficienti per <strong>smaltire il calore generato<\/strong> tra utensile e pezzo in lavorazione.<\/li>\n<\/ul>\n<p style=\"font-weight: 400;\">In definitiva, le macchine destinatarie ideali per l\u2019installazione di questi articoli, possono definirsi appartenenti alle categorie:\u00a0 <strong>\u201cmacchine utensili ad asportazione di truciolo e macchine a deformazione di piccole-medie dimensioni\u201d.\u00a0 <\/strong>Per chiarezza, le macchine <strong>a deformazione <\/strong>(sicuramente meno conosciute) sono quelle che svolgono la loro lavorazione <strong>\u201cdeformando\u201d<\/strong> il metallo, quindi senza entarre nello specifico vi appartengono le <strong>Presse in genere e gli impianti di profilatura.<\/strong><\/p>\n<ul>\n<li>Ove la tipologia e dimensione della macchina ospitante lo consente, gli articoli <strong>OilJet<\/strong> permettono la rimozione del vecchio impianto di lubrorefrigerazione a getto continuo, con evidenti vantaggi in termini di ingombri, ristagni dei fluidi degradati (specie nei casi di utilizzo sporadico) e conseguente smaltimento, pulizia generale dell\u2019ambiente circostante, maggiore salvaguardia degli schermi in materiale plastico dei ripari antinfortunistici.<\/li>\n<\/ul>\n<ul>\n<li>Ciascun modello \u00e8 sviluppato con un concetto di massima modularit\u00e0, (la prevalenza dei kit aggiuntivi e dei ricambi, \u00e8 comune a tutti i modelli OilJet). Questa flessibilit\u00e0 generale, consente inoltre di poter sviluppare articoli ad hoc, specie per installazioni su macchine di serie.<\/li>\n<\/ul>\n<p style=\"font-weight: 400;\"><strong>\u00a0<\/strong><strong>\u00a0<\/strong><\/p>\n<p style=\"font-weight: 400;\"><strong>ALCUNI ESEMPI DI UTILIZZO:<\/strong><\/p>\n<p>&nbsp;<\/p>\n<p style=\"font-weight: 400;\"><strong>Esempio 1:<\/strong>\u00a0 per una macchina a mandrino verticale (es. Trapano Fresatrice) che necessita di un frequente cambio utensile, con probabile variazione della sua stessa lunghezza, si predilige il modello <strong>LTS.02<\/strong>, in quanto \u00e8 dotato di uno <strong>\u201csnodo\u201d<\/strong> posto alla base del tubo-flex, per il disimpegno rapido della zona di lavoro, oltre a disporre di una regolazione assiale del tipo frizionato (comune anche ad altri modelli). Tutto ci\u00f2 consegue ad una massima versatilit\u00e0 e rapidit\u00e0 di utilizzo.<\/p>\n<p style=\"font-weight: 400;\"><strong>Esempio 2:<\/strong>\u00a0 per una macchina con punto di erogazione distante dal punto ottimale di azionamento, oppure da porsi appositamente a distanza per ragioni di sicurezza, \u00e8 consigliabile l\u2019utilizzo del modello <strong>LMG.01.C\u2026 <\/strong>in quanto dispone di <strong>Tubo-ugello erogatore <\/strong>in versione<strong> Satellite,<\/strong> cio\u00e8 distaccato dalla console e supportato da una propria base magnetica.\u00a0 Con l\u2019aggiunta del <strong>kit base magnetica<\/strong> per il supporto della console, si ottiene il massimo della versatilit\u00e0.<\/p>\n<p style=\"font-weight: 400;\">La macchina destinataria pi\u00f9 classica per l\u2019utilizzo del modello <strong>LMG.01.C\u2026 <\/strong>\u00e8 il classico Tornio Parallelo, come dimostra il video di presentazione generale della gamma OilJet.<\/p>\n<p style=\"font-weight: 400;\"><strong>Esempio 3:<\/strong>\u00a0 per una macchina di utilizzo occasionale, sulla quale potrebbe essere sconveniente fissare definitivamente una unit\u00e0, potrebbe essere utilizzato il modello pi\u00f9 adatto al caso specifico, abbinato al kit opzionale <strong>Base magnetica.\u00a0 <\/strong>Kit peraltro applicabile a tutti i modelli<strong> OilJet.<\/strong><\/p>\n<\/div>\n<\/div>\n<\/div>\n<\/div>\n<\/div>\n","protected":false},"excerpt":{"rendered":"<p>Il Lubrorefrigeratore mod. LSG.01 e\u0300 stato appositamente progettato per un utilizzo su Segatrici a nastro, Segatrici a disco per leghe leggere e tutte quelle macchine che necessitano di lubrificare, raffreddare l&#8217;utensile ed il pezzo in lavorazione in un punto ben definito. Questo avviene grazie al particolare ugello erogatore cilindricocon \u00d8 di soli 4mm, quindi idoneo [&hellip;]<\/p>\n","protected":false},"featured_media":5511,"comment_status":"open","ping_status":"closed","template":"","meta":{"_acf_changed":false},"product_brand":[],"product_cat":[96],"product_tag":[],"class_list":{"0":"post-5482","1":"product","2":"type-product","3":"status-publish","4":"has-post-thumbnail","6":"product_cat-lubro-refrigeratori-aria-olio-per-macchine-utensili","8":"first","9":"instock","10":"shipping-taxable","11":"product-type-simple"},"acf":[],"yoast_head":"<!-- This site is optimized with the Yoast SEO plugin v27.1.1 - https:\/\/yoast.com\/product\/yoast-seo-wordpress\/ -->\n<title>Lubrorefrigeratore Aria-Olio OilJet per segatrici<\/title>\n<meta name=\"description\" content=\"Il Lubrorefrigeratore mod. LSG.01 \u00e8 stato appositamente progettato per un utilizzo su Segatrici a nastro, Segatrici a disco\" \/>\n<meta name=\"robots\" content=\"index, follow, max-snippet:-1, max-image-preview:large, max-video-preview:-1\" \/>\n<link rel=\"canonical\" href=\"https:\/\/www.tecnopiu.it\/it\/prodotto\/lubrorefrigeratore-aria-olio-oiljet-per-segatrici-a-nastro-a-disco-e-macchine-generiche\/\" \/>\n<meta property=\"og:locale\" content=\"it_IT\" \/>\n<meta property=\"og:type\" content=\"article\" \/>\n<meta property=\"og:title\" content=\"Lubrorefrigeratore Aria-Olio OilJet per segatrici\" \/>\n<meta property=\"og:description\" content=\"Il Lubrorefrigeratore mod. LSG.01 \u00e8 stato appositamente progettato per un utilizzo su Segatrici a nastro, Segatrici a disco\" \/>\n<meta property=\"og:url\" content=\"https:\/\/www.tecnopiu.it\/it\/prodotto\/lubrorefrigeratore-aria-olio-oiljet-per-segatrici-a-nastro-a-disco-e-macchine-generiche\/\" \/>\n<meta property=\"og:site_name\" content=\"Tecno Pi\u00f9\" \/>\n<meta property=\"article:modified_time\" content=\"2025-02-13T08:13:03+00:00\" \/>\n<meta property=\"og:image\" content=\"https:\/\/www.tecnopiu.it\/wp-content\/uploads\/2024\/08\/9720_LSG-scaled.jpg\" \/>\n\t<meta property=\"og:image:width\" content=\"1707\" \/>\n\t<meta property=\"og:image:height\" content=\"2560\" \/>\n\t<meta property=\"og:image:type\" content=\"image\/jpeg\" \/>\n<meta name=\"twitter:card\" content=\"summary_large_image\" \/>\n<meta name=\"twitter:label1\" content=\"Tempo di lettura stimato\" \/>\n\t<meta name=\"twitter:data1\" content=\"13 minuti\" \/>\n<script type=\"application\/ld+json\" class=\"yoast-schema-graph\">{\"@context\":\"https:\/\/schema.org\",\"@graph\":[{\"@type\":\"WebPage\",\"@id\":\"https:\/\/www.tecnopiu.it\/it\/prodotto\/lubrorefrigeratore-aria-olio-oiljet-per-segatrici-a-nastro-a-disco-e-macchine-generiche\/\",\"url\":\"https:\/\/www.tecnopiu.it\/it\/prodotto\/lubrorefrigeratore-aria-olio-oiljet-per-segatrici-a-nastro-a-disco-e-macchine-generiche\/\",\"name\":\"Lubrorefrigeratore Aria-Olio OilJet per segatrici\",\"isPartOf\":{\"@id\":\"https:\/\/www.tecnopiu.it\/it\/#website\"},\"primaryImageOfPage\":{\"@id\":\"https:\/\/www.tecnopiu.it\/it\/prodotto\/lubrorefrigeratore-aria-olio-oiljet-per-segatrici-a-nastro-a-disco-e-macchine-generiche\/#primaryimage\"},\"image\":{\"@id\":\"https:\/\/www.tecnopiu.it\/it\/prodotto\/lubrorefrigeratore-aria-olio-oiljet-per-segatrici-a-nastro-a-disco-e-macchine-generiche\/#primaryimage\"},\"thumbnailUrl\":\"https:\/\/www.tecnopiu.it\/wp-content\/uploads\/2024\/08\/9720_LSG-scaled.jpg\",\"datePublished\":\"2024-08-05T20:59:07+00:00\",\"dateModified\":\"2025-02-13T08:13:03+00:00\",\"description\":\"Il Lubrorefrigeratore mod. LSG.01 \u00e8 stato appositamente progettato per un utilizzo su Segatrici a nastro, Segatrici a disco\",\"breadcrumb\":{\"@id\":\"https:\/\/www.tecnopiu.it\/it\/prodotto\/lubrorefrigeratore-aria-olio-oiljet-per-segatrici-a-nastro-a-disco-e-macchine-generiche\/#breadcrumb\"},\"inLanguage\":\"it-IT\",\"potentialAction\":[{\"@type\":\"ReadAction\",\"target\":[\"https:\/\/www.tecnopiu.it\/it\/prodotto\/lubrorefrigeratore-aria-olio-oiljet-per-segatrici-a-nastro-a-disco-e-macchine-generiche\/\"]}]},{\"@type\":\"ImageObject\",\"inLanguage\":\"it-IT\",\"@id\":\"https:\/\/www.tecnopiu.it\/it\/prodotto\/lubrorefrigeratore-aria-olio-oiljet-per-segatrici-a-nastro-a-disco-e-macchine-generiche\/#primaryimage\",\"url\":\"https:\/\/www.tecnopiu.it\/wp-content\/uploads\/2024\/08\/9720_LSG-scaled.jpg\",\"contentUrl\":\"https:\/\/www.tecnopiu.it\/wp-content\/uploads\/2024\/08\/9720_LSG-scaled.jpg\",\"width\":1707,\"height\":2560},{\"@type\":\"BreadcrumbList\",\"@id\":\"https:\/\/www.tecnopiu.it\/it\/prodotto\/lubrorefrigeratore-aria-olio-oiljet-per-segatrici-a-nastro-a-disco-e-macchine-generiche\/#breadcrumb\",\"itemListElement\":[{\"@type\":\"ListItem\",\"position\":1,\"name\":\"Home\",\"item\":\"https:\/\/www.tecnopiu.it\/it\/\"},{\"@type\":\"ListItem\",\"position\":2,\"name\":\"Prodotti\",\"item\":\"https:\/\/www.tecnopiu.it\/it\/prodotti\/\"},{\"@type\":\"ListItem\",\"position\":3,\"name\":\"LSG.01 - Lubrorefrigeratore Aria-Olio OilJet per segatrici a nastro, a disco e macchine generiche\"}]},{\"@type\":\"WebSite\",\"@id\":\"https:\/\/www.tecnopiu.it\/it\/#website\",\"url\":\"https:\/\/www.tecnopiu.it\/it\/\",\"name\":\"Tecno Pi\u00f9\",\"description\":\"\",\"publisher\":{\"@id\":\"https:\/\/www.tecnopiu.it\/it\/#organization\"},\"potentialAction\":[{\"@type\":\"SearchAction\",\"target\":{\"@type\":\"EntryPoint\",\"urlTemplate\":\"https:\/\/www.tecnopiu.it\/it\/?s={search_term_string}\"},\"query-input\":{\"@type\":\"PropertyValueSpecification\",\"valueRequired\":true,\"valueName\":\"search_term_string\"}}],\"inLanguage\":\"it-IT\"},{\"@type\":\"Organization\",\"@id\":\"https:\/\/www.tecnopiu.it\/it\/#organization\",\"name\":\"Tecno Pi\u00f9\",\"url\":\"https:\/\/www.tecnopiu.it\/it\/\",\"logo\":{\"@type\":\"ImageObject\",\"inLanguage\":\"it-IT\",\"@id\":\"https:\/\/www.tecnopiu.it\/it\/#\/schema\/logo\/image\/\",\"url\":\"https:\/\/www.tecnopiu.it\/wp-content\/uploads\/2023\/05\/tecnopiu-std.png\",\"contentUrl\":\"https:\/\/www.tecnopiu.it\/wp-content\/uploads\/2023\/05\/tecnopiu-std.png\",\"width\":652,\"height\":156,\"caption\":\"Tecno Pi\u00f9\"},\"image\":{\"@id\":\"https:\/\/www.tecnopiu.it\/it\/#\/schema\/logo\/image\/\"}}]}<\/script>\n<!-- \/ Yoast SEO plugin. -->","yoast_head_json":{"title":"Lubrorefrigeratore Aria-Olio OilJet per segatrici","description":"Il Lubrorefrigeratore mod. LSG.01 \u00e8 stato appositamente progettato per un utilizzo su Segatrici a nastro, Segatrici a disco","robots":{"index":"index","follow":"follow","max-snippet":"max-snippet:-1","max-image-preview":"max-image-preview:large","max-video-preview":"max-video-preview:-1"},"canonical":"https:\/\/www.tecnopiu.it\/it\/prodotto\/lubrorefrigeratore-aria-olio-oiljet-per-segatrici-a-nastro-a-disco-e-macchine-generiche\/","og_locale":"it_IT","og_type":"article","og_title":"Lubrorefrigeratore Aria-Olio OilJet per segatrici","og_description":"Il Lubrorefrigeratore mod. LSG.01 \u00e8 stato appositamente progettato per un utilizzo su Segatrici a nastro, Segatrici a disco","og_url":"https:\/\/www.tecnopiu.it\/it\/prodotto\/lubrorefrigeratore-aria-olio-oiljet-per-segatrici-a-nastro-a-disco-e-macchine-generiche\/","og_site_name":"Tecno Pi\u00f9","article_modified_time":"2025-02-13T08:13:03+00:00","og_image":[{"width":1707,"height":2560,"url":"https:\/\/www.tecnopiu.it\/wp-content\/uploads\/2024\/08\/9720_LSG-scaled.jpg","type":"image\/jpeg"}],"twitter_card":"summary_large_image","twitter_misc":{"Tempo di lettura stimato":"13 minuti"},"schema":{"@context":"https:\/\/schema.org","@graph":[{"@type":"WebPage","@id":"https:\/\/www.tecnopiu.it\/it\/prodotto\/lubrorefrigeratore-aria-olio-oiljet-per-segatrici-a-nastro-a-disco-e-macchine-generiche\/","url":"https:\/\/www.tecnopiu.it\/it\/prodotto\/lubrorefrigeratore-aria-olio-oiljet-per-segatrici-a-nastro-a-disco-e-macchine-generiche\/","name":"Lubrorefrigeratore Aria-Olio OilJet per segatrici","isPartOf":{"@id":"https:\/\/www.tecnopiu.it\/it\/#website"},"primaryImageOfPage":{"@id":"https:\/\/www.tecnopiu.it\/it\/prodotto\/lubrorefrigeratore-aria-olio-oiljet-per-segatrici-a-nastro-a-disco-e-macchine-generiche\/#primaryimage"},"image":{"@id":"https:\/\/www.tecnopiu.it\/it\/prodotto\/lubrorefrigeratore-aria-olio-oiljet-per-segatrici-a-nastro-a-disco-e-macchine-generiche\/#primaryimage"},"thumbnailUrl":"https:\/\/www.tecnopiu.it\/wp-content\/uploads\/2024\/08\/9720_LSG-scaled.jpg","datePublished":"2024-08-05T20:59:07+00:00","dateModified":"2025-02-13T08:13:03+00:00","description":"Il Lubrorefrigeratore mod. LSG.01 \u00e8 stato appositamente progettato per un utilizzo su Segatrici a nastro, Segatrici a disco","breadcrumb":{"@id":"https:\/\/www.tecnopiu.it\/it\/prodotto\/lubrorefrigeratore-aria-olio-oiljet-per-segatrici-a-nastro-a-disco-e-macchine-generiche\/#breadcrumb"},"inLanguage":"it-IT","potentialAction":[{"@type":"ReadAction","target":["https:\/\/www.tecnopiu.it\/it\/prodotto\/lubrorefrigeratore-aria-olio-oiljet-per-segatrici-a-nastro-a-disco-e-macchine-generiche\/"]}]},{"@type":"ImageObject","inLanguage":"it-IT","@id":"https:\/\/www.tecnopiu.it\/it\/prodotto\/lubrorefrigeratore-aria-olio-oiljet-per-segatrici-a-nastro-a-disco-e-macchine-generiche\/#primaryimage","url":"https:\/\/www.tecnopiu.it\/wp-content\/uploads\/2024\/08\/9720_LSG-scaled.jpg","contentUrl":"https:\/\/www.tecnopiu.it\/wp-content\/uploads\/2024\/08\/9720_LSG-scaled.jpg","width":1707,"height":2560},{"@type":"BreadcrumbList","@id":"https:\/\/www.tecnopiu.it\/it\/prodotto\/lubrorefrigeratore-aria-olio-oiljet-per-segatrici-a-nastro-a-disco-e-macchine-generiche\/#breadcrumb","itemListElement":[{"@type":"ListItem","position":1,"name":"Home","item":"https:\/\/www.tecnopiu.it\/it\/"},{"@type":"ListItem","position":2,"name":"Prodotti","item":"https:\/\/www.tecnopiu.it\/it\/prodotti\/"},{"@type":"ListItem","position":3,"name":"LSG.01 - Lubrorefrigeratore Aria-Olio OilJet per segatrici a nastro, a disco e macchine generiche"}]},{"@type":"WebSite","@id":"https:\/\/www.tecnopiu.it\/it\/#website","url":"https:\/\/www.tecnopiu.it\/it\/","name":"Tecno Pi\u00f9","description":"","publisher":{"@id":"https:\/\/www.tecnopiu.it\/it\/#organization"},"potentialAction":[{"@type":"SearchAction","target":{"@type":"EntryPoint","urlTemplate":"https:\/\/www.tecnopiu.it\/it\/?s={search_term_string}"},"query-input":{"@type":"PropertyValueSpecification","valueRequired":true,"valueName":"search_term_string"}}],"inLanguage":"it-IT"},{"@type":"Organization","@id":"https:\/\/www.tecnopiu.it\/it\/#organization","name":"Tecno Pi\u00f9","url":"https:\/\/www.tecnopiu.it\/it\/","logo":{"@type":"ImageObject","inLanguage":"it-IT","@id":"https:\/\/www.tecnopiu.it\/it\/#\/schema\/logo\/image\/","url":"https:\/\/www.tecnopiu.it\/wp-content\/uploads\/2023\/05\/tecnopiu-std.png","contentUrl":"https:\/\/www.tecnopiu.it\/wp-content\/uploads\/2023\/05\/tecnopiu-std.png","width":652,"height":156,"caption":"Tecno Pi\u00f9"},"image":{"@id":"https:\/\/www.tecnopiu.it\/it\/#\/schema\/logo\/image\/"}}]}},"_links":{"self":[{"href":"https:\/\/www.tecnopiu.it\/it\/wp-json\/wp\/v2\/product\/5482","targetHints":{"allow":["GET"]}}],"collection":[{"href":"https:\/\/www.tecnopiu.it\/it\/wp-json\/wp\/v2\/product"}],"about":[{"href":"https:\/\/www.tecnopiu.it\/it\/wp-json\/wp\/v2\/types\/product"}],"replies":[{"embeddable":true,"href":"https:\/\/www.tecnopiu.it\/it\/wp-json\/wp\/v2\/comments?post=5482"}],"wp:featuredmedia":[{"embeddable":true,"href":"https:\/\/www.tecnopiu.it\/it\/wp-json\/wp\/v2\/media\/5511"}],"wp:attachment":[{"href":"https:\/\/www.tecnopiu.it\/it\/wp-json\/wp\/v2\/media?parent=5482"}],"wp:term":[{"taxonomy":"product_brand","embeddable":true,"href":"https:\/\/www.tecnopiu.it\/it\/wp-json\/wp\/v2\/product_brand?post=5482"},{"taxonomy":"product_cat","embeddable":true,"href":"https:\/\/www.tecnopiu.it\/it\/wp-json\/wp\/v2\/product_cat?post=5482"},{"taxonomy":"product_tag","embeddable":true,"href":"https:\/\/www.tecnopiu.it\/it\/wp-json\/wp\/v2\/product_tag?post=5482"}],"curies":[{"name":"wp","href":"https:\/\/api.w.org\/{rel}","templated":true}]}}