{"id":5487,"date":"2024-08-05T23:11:18","date_gmt":"2024-08-05T21:11:18","guid":{"rendered":"https:\/\/www.tecnopiu.it\/?post_type=product&#038;p=5487"},"modified":"2025-02-13T09:09:34","modified_gmt":"2025-02-13T08:09:34","slug":"lubrorefrigeratore-aria-olio-serie-oiljet-per-trapani-e-fresatrici","status":"publish","type":"product","link":"https:\/\/www.tecnopiu.it\/it\/prodotto\/lubrorefrigeratore-aria-olio-serie-oiljet-per-trapani-e-fresatrici\/","title":{"rendered":"LTS.02 - Lubrorefrigeratore Aria-Olio serie OilJet per trapani e fresatrici"},"content":{"rendered":"<div class=\"page\" title=\"Page 1\">\n<div class=\"layoutArea\">\n<div class=\"column\">\n<div class=\"page\" title=\"Page 1\">\n<div class=\"layoutArea\">\n<div class=\"column\">\n<p>Il Lubrorefrigeratore mod. LTS.02 \u00e8 un dispositivo a funzionamento pneumatico, progettato allo scopo di lubrificare e raffreddare l&#8217;utensile e il pezzo in lavorazione su macchine utensili a mandrino verticale, del tipo: trapani da banco, trapani a colonna, trapani radiali, trapani-fresa, fresatrici per attrezzisti, fresatrici universali, fresatrici CNC e macchine utensili in genere. Queste macchine necessitano di frequenti cambi lavorazione e conseguenti riposizionamenti e cambi utensile.<\/p>\n<p>Il dispositivo adotta il principio della Lubrificazione Minimale, tecnologia anche nota come MQL: Minimum Quantity Lubrication. Infatti, compie la sua funzione tramite apporto di aria compressa e minime quantit\u00e0 di fluido lubrificante.<\/p>\n<p>Tutti gli articoli OilJet sono ottimizzati per l&#8217;utilizzo di oli lubrificanti interi, normalmente a base estere sintetico vegetale, oltre ai pi\u00f9 noti lubrorefrigeranti miscibili in acqua. L&#8217;articolo LTS.02 \u00e8 un prodotto professionale, proposto in unica versione &#8220;full optional&#8221; con Tubo-flex in due diverse lunghezze.<\/p>\n<p>Il dispositivo \u00e8 stato appositamente progettato per un utilizzo frequente e &#8220;ravvicinato&#8221; dell&#8217;operatore. Ci\u00f2 \u00e8 reso possibile dalla particolare progettazione del sistema Venturi, posto all&#8217;interno dell&#8217;unit\u00e0 miscelatrice (a seguito definita &#8220;Console&#8221;) e dal contenuto ugello erogatore, che consente una erogazione del fluido con una limitata nebulizzazione, in modo particolare con l&#8217;utilizzo di oli lubrorefrigeranti miscibili in acqua.<\/p>\n<p>L&#8217;ampia versatilit\u00e0 della famiglia LTS.02 \u00e8 arricchita da una serie di accessori opzionali che ne incrementano ulteriormente i campi d&#8217;impiego.<\/p>\n<\/div>\n<ul>\n<li>Tutti i modelli sfruttano il principio<strong> Venturi<\/strong>, quindi il fluido viene <strong>aspirato<\/strong> dal serbatorio e successivamente miscelato all\u2019aria compressa. Questo avviene secondo una diversa modalit\u00e0 tra le due macro-famiglie: <strong>LMG01 <\/strong>+<strong>01<\/strong>, rispetto a <strong>LTS.02<\/strong><\/li>\n<\/ul>\n<p style=\"font-weight: 400;\">Il risultato finale \u00e8 molto simile e con predisposizioni pi\u00f9 o meno marcate verso certi utilizzi \u2026\u2026\u2026. come a seguito viene descritto.<\/p>\n<ul>\n<li>Sono progettati per utilizzare indistintamente tutti i fluidi lubrorefrigeranti normalmente conosciuti, descritti a seguito.<\/li>\n<\/ul>\n<ul>\n<li>Non prevedono la raccolta e il riutilizzo del fluido utilizzato, in quanto le modeste quantit\u00e0 erogate, in parte si deposita sui pezzi in lavorazione, contribuendo a salvaguardarli da ossidazioni, evapora spontaneamente e in parte si disperde tra scarti di lavorazione.<\/li>\n<\/ul>\n<ul>\n<li>Le macchine destinatarie sono quelle descritte nelle varie schede tecniche di ciascun modello, estendendosi a macchine speciali ed attrezzature varie per lavorazioni meccaniche. Infatti, in base alle caratteristiche di una determinata \u201cmacchina speciale\u201d, \u00e8 possibile optare per uno o altro modello.<\/li>\n<\/ul>\n<ul>\n<li>Come \u00e8 ben definito nei rispettivi <strong>Manuali d\u2019uso e manutenzione<\/strong>, per ragioni di sicurezza e coerenza generale, gli articoli <strong>OilJet<\/strong> non si propongono per la sostituzione <strong>\u201ca prescindere\u201d<\/strong> dell\u2019impianto originario, di lubrorefrigerazione <strong>a getto continuo di fluido<\/strong>. Infatti, oltre certi limiti di <strong>capacit\u00e0-gravosit\u00e0 di lavorazione di determinate macchine,<\/strong> le prestazioni garantite dai sistemi minimali (detti MQL) non sarebbero sufficienti per <strong>smaltire il calore generato<\/strong> tra utensile e pezzo in lavorazione.<\/li>\n<\/ul>\n<p style=\"font-weight: 400;\">In definitiva, le macchine destinatarie ideali per l\u2019installazione di questi articoli, possono definirsi appartenenti alle categorie:\u00a0 <strong>\u201cmacchine utensili ad asportazione di truciolo e macchine a deformazione di piccole-medie dimensioni\u201d.\u00a0 <\/strong>Per chiarezza, le macchine <strong>a deformazione <\/strong>(sicuramente meno conosciute) sono quelle che svolgono la loro lavorazione <strong>\u201cdeformando\u201d<\/strong> il metallo, quindi senza entarre nello specifico vi appartengono le <strong>Presse in genere e gli impianti di profilatura.<\/strong><\/p>\n<ul>\n<li>Ove la tipologia e dimensione della macchina ospitante lo consente, gli articoli <strong>OilJet<\/strong> permettono la rimozione del vecchio impianto di lubrorefrigerazione a getto continuo, con evidenti vantaggi in termini di ingombri, ristagni dei fluidi degradati (specie nei casi di utilizzo sporadico) e conseguente smaltimento, pulizia generale dell\u2019ambiente circostante, maggiore salvaguardia degli schermi in materiale plastico dei ripari antinfortunistici.<\/li>\n<\/ul>\n<ul>\n<li>Ciascun modello \u00e8 sviluppato con un concetto di massima modularit\u00e0, (la prevalenza dei kit aggiuntivi e dei ricambi, \u00e8 comune a tutti i modelli OilJet). Questa flessibilit\u00e0 generale, consente inoltre di poter sviluppare articoli ad hoc, specie per installazioni su macchine di serie.<\/li>\n<\/ul>\n<p style=\"font-weight: 400;\"><strong>\u00a0<\/strong><\/p>\n<p style=\"font-weight: 400;\"><strong>ALCUNI ESEMPI DI UTILIZZO:<\/strong><\/p>\n<p style=\"font-weight: 400;\"><strong>\u00a0<\/strong><\/p>\n<p style=\"font-weight: 400;\"><strong>Esempio 1:<\/strong>\u00a0 per una macchina a mandrino verticale (es. Trapano Fresatrice) che necessita di un frequente cambio utensile, con probabile variazione della sua stessa lunghezza, si predilige il modello <strong>LTS.02<\/strong>, in quanto \u00e8 dotato di uno <strong>\u201csnodo\u201d<\/strong> posto alla base del tubo-flex, per il disimpegno rapido della zona di lavoro, oltre a disporre di una regolazione assiale del tipo frizionato (comune anche ad altri modelli). Tutto ci\u00f2 consegue ad una massima versatilit\u00e0 e rapidit\u00e0 di utilizzo.<\/p>\n<p style=\"font-weight: 400;\"><strong>Esempio 2:<\/strong>\u00a0 per una macchina con punto di erogazione distante dal punto ottimale di azionamento, oppure da porsi appositamente a distanza per ragioni di sicurezza, \u00e8 consigliabile l\u2019utilizzo del modello <strong>LMG.01.C\u2026 <\/strong>in quanto dispone di <strong>Tubo-ugello erogatore <\/strong>in versione<strong> Satellite,<\/strong> cio\u00e8 distaccato dalla console e supportato da una propria base magnetica.\u00a0 Con l\u2019aggiunta del <strong>kit base magnetica<\/strong> per il supporto della console, si ottiene il massimo della versatilit\u00e0.<\/p>\n<p style=\"font-weight: 400;\">La macchina destinataria pi\u00f9 classica per l\u2019utilizzo del modello <strong>LMG.01.C\u2026 <\/strong>\u00e8 il classico Tornio Parallelo, come dimostra il video di presentazione generale della gamma OilJet.<\/p>\n<p style=\"font-weight: 400;\"><strong>Esempio 3:<\/strong>\u00a0 per una macchina di utilizzo occasionale, sulla quale potrebbe essere sconveniente fissare definitivamente una unit\u00e0, potrebbe essere utilizzato il modello pi\u00f9 adatto al caso specifico, abbinato al kit opzionale <strong>Base magnetica.\u00a0 <\/strong>Kit peraltro applicabile a tutti i modelli<strong> OilJet.<\/strong><\/p>\n<\/div>\n<\/div>\n<\/div>\n<\/div>\n<\/div>\n","protected":false},"excerpt":{"rendered":"<p>Il Lubrorefrigeratore mod. LTS.02 \u00e8 un dispositivo a funzionamento pneumatico, progettato allo scopo di lubrificare e raffreddare l&#8217;utensile e il pezzo in lavorazione su macchine utensili a mandrino verticale, del tipo: trapani da banco, trapani a colonna, trapani radiali, trapani-fresa, fresatrici per attrezzisti, fresatrici universali, fresatrici CNC e macchine utensili in genere. Queste macchine necessitano [&hellip;]<\/p>\n","protected":false},"featured_media":5513,"comment_status":"open","ping_status":"closed","template":"","meta":{"_acf_changed":false},"product_brand":[],"product_cat":[96],"product_tag":[],"class_list":{"0":"post-5487","1":"product","2":"type-product","3":"status-publish","4":"has-post-thumbnail","6":"product_cat-lubro-refrigeratori-aria-olio-per-macchine-utensili","8":"first","9":"instock","10":"shipping-taxable","11":"product-type-simple"},"acf":[],"yoast_head":"<!-- This site is optimized with the Yoast SEO plugin v27.1.1 - https:\/\/yoast.com\/product\/yoast-seo-wordpress\/ -->\n<title>Lubrorefrigeratore Aria-Olio serie OilJet per trapani e fresatrici | Tecno Pi\u00f9<\/title>\n<meta name=\"description\" content=\"Il Lubrorefrigeratore mod. LTS.02 \u00e8 un dispositivo per lubrificare l&#039;utensile e il pezzo in lavorazione su macchine utensili a mandrino verticale\" \/>\n<meta name=\"robots\" content=\"index, follow, max-snippet:-1, max-image-preview:large, max-video-preview:-1\" \/>\n<link rel=\"canonical\" href=\"https:\/\/www.tecnopiu.it\/it\/prodotto\/lubrorefrigeratore-aria-olio-serie-oiljet-per-trapani-e-fresatrici\/\" \/>\n<meta property=\"og:locale\" content=\"it_IT\" \/>\n<meta property=\"og:type\" content=\"article\" \/>\n<meta property=\"og:title\" content=\"Lubrorefrigeratore Aria-Olio serie OilJet per trapani e fresatrici | Tecno Pi\u00f9\" \/>\n<meta property=\"og:description\" content=\"Il Lubrorefrigeratore mod. LTS.02 \u00e8 un dispositivo per lubrificare l&#039;utensile e il pezzo in lavorazione su macchine utensili a mandrino verticale\" \/>\n<meta property=\"og:url\" content=\"https:\/\/www.tecnopiu.it\/it\/prodotto\/lubrorefrigeratore-aria-olio-serie-oiljet-per-trapani-e-fresatrici\/\" \/>\n<meta property=\"og:site_name\" content=\"Tecno Pi\u00f9\" \/>\n<meta property=\"article:modified_time\" content=\"2025-02-13T08:09:34+00:00\" \/>\n<meta property=\"og:image\" content=\"https:\/\/www.tecnopiu.it\/wp-content\/uploads\/2024\/08\/9719_LTS--scaled.jpg\" \/>\n\t<meta property=\"og:image:width\" content=\"1707\" \/>\n\t<meta property=\"og:image:height\" content=\"2560\" \/>\n\t<meta property=\"og:image:type\" content=\"image\/jpeg\" \/>\n<meta name=\"twitter:card\" content=\"summary_large_image\" \/>\n<meta name=\"twitter:label1\" content=\"Tempo di lettura stimato\" \/>\n\t<meta name=\"twitter:data1\" content=\"12 minuti\" \/>\n<script type=\"application\/ld+json\" class=\"yoast-schema-graph\">{\"@context\":\"https:\/\/schema.org\",\"@graph\":[{\"@type\":\"WebPage\",\"@id\":\"https:\/\/www.tecnopiu.it\/it\/prodotto\/lubrorefrigeratore-aria-olio-serie-oiljet-per-trapani-e-fresatrici\/\",\"url\":\"https:\/\/www.tecnopiu.it\/it\/prodotto\/lubrorefrigeratore-aria-olio-serie-oiljet-per-trapani-e-fresatrici\/\",\"name\":\"Lubrorefrigeratore Aria-Olio serie OilJet per trapani e fresatrici | Tecno Pi\u00f9\",\"isPartOf\":{\"@id\":\"https:\/\/www.tecnopiu.it\/it\/#website\"},\"primaryImageOfPage\":{\"@id\":\"https:\/\/www.tecnopiu.it\/it\/prodotto\/lubrorefrigeratore-aria-olio-serie-oiljet-per-trapani-e-fresatrici\/#primaryimage\"},\"image\":{\"@id\":\"https:\/\/www.tecnopiu.it\/it\/prodotto\/lubrorefrigeratore-aria-olio-serie-oiljet-per-trapani-e-fresatrici\/#primaryimage\"},\"thumbnailUrl\":\"https:\/\/www.tecnopiu.it\/wp-content\/uploads\/2024\/08\/9719_LTS--scaled.jpg\",\"datePublished\":\"2024-08-05T21:11:18+00:00\",\"dateModified\":\"2025-02-13T08:09:34+00:00\",\"description\":\"Il Lubrorefrigeratore mod. LTS.02 \u00e8 un dispositivo per lubrificare l'utensile e il pezzo in lavorazione su macchine utensili a mandrino verticale\",\"breadcrumb\":{\"@id\":\"https:\/\/www.tecnopiu.it\/it\/prodotto\/lubrorefrigeratore-aria-olio-serie-oiljet-per-trapani-e-fresatrici\/#breadcrumb\"},\"inLanguage\":\"it-IT\",\"potentialAction\":[{\"@type\":\"ReadAction\",\"target\":[\"https:\/\/www.tecnopiu.it\/it\/prodotto\/lubrorefrigeratore-aria-olio-serie-oiljet-per-trapani-e-fresatrici\/\"]}]},{\"@type\":\"ImageObject\",\"inLanguage\":\"it-IT\",\"@id\":\"https:\/\/www.tecnopiu.it\/it\/prodotto\/lubrorefrigeratore-aria-olio-serie-oiljet-per-trapani-e-fresatrici\/#primaryimage\",\"url\":\"https:\/\/www.tecnopiu.it\/wp-content\/uploads\/2024\/08\/9719_LTS--scaled.jpg\",\"contentUrl\":\"https:\/\/www.tecnopiu.it\/wp-content\/uploads\/2024\/08\/9719_LTS--scaled.jpg\",\"width\":1707,\"height\":2560},{\"@type\":\"BreadcrumbList\",\"@id\":\"https:\/\/www.tecnopiu.it\/it\/prodotto\/lubrorefrigeratore-aria-olio-serie-oiljet-per-trapani-e-fresatrici\/#breadcrumb\",\"itemListElement\":[{\"@type\":\"ListItem\",\"position\":1,\"name\":\"Home\",\"item\":\"https:\/\/www.tecnopiu.it\/it\/\"},{\"@type\":\"ListItem\",\"position\":2,\"name\":\"Prodotti\",\"item\":\"https:\/\/www.tecnopiu.it\/it\/prodotti\/\"},{\"@type\":\"ListItem\",\"position\":3,\"name\":\"LTS.02 - Lubrorefrigeratore Aria-Olio serie OilJet per trapani e fresatrici\"}]},{\"@type\":\"WebSite\",\"@id\":\"https:\/\/www.tecnopiu.it\/it\/#website\",\"url\":\"https:\/\/www.tecnopiu.it\/it\/\",\"name\":\"Tecno Pi\u00f9\",\"description\":\"\",\"publisher\":{\"@id\":\"https:\/\/www.tecnopiu.it\/it\/#organization\"},\"potentialAction\":[{\"@type\":\"SearchAction\",\"target\":{\"@type\":\"EntryPoint\",\"urlTemplate\":\"https:\/\/www.tecnopiu.it\/it\/?s={search_term_string}\"},\"query-input\":{\"@type\":\"PropertyValueSpecification\",\"valueRequired\":true,\"valueName\":\"search_term_string\"}}],\"inLanguage\":\"it-IT\"},{\"@type\":\"Organization\",\"@id\":\"https:\/\/www.tecnopiu.it\/it\/#organization\",\"name\":\"Tecno Pi\u00f9\",\"url\":\"https:\/\/www.tecnopiu.it\/it\/\",\"logo\":{\"@type\":\"ImageObject\",\"inLanguage\":\"it-IT\",\"@id\":\"https:\/\/www.tecnopiu.it\/it\/#\/schema\/logo\/image\/\",\"url\":\"https:\/\/www.tecnopiu.it\/wp-content\/uploads\/2023\/05\/tecnopiu-std.png\",\"contentUrl\":\"https:\/\/www.tecnopiu.it\/wp-content\/uploads\/2023\/05\/tecnopiu-std.png\",\"width\":652,\"height\":156,\"caption\":\"Tecno Pi\u00f9\"},\"image\":{\"@id\":\"https:\/\/www.tecnopiu.it\/it\/#\/schema\/logo\/image\/\"}}]}<\/script>\n<!-- \/ Yoast SEO plugin. -->","yoast_head_json":{"title":"Lubrorefrigeratore Aria-Olio serie OilJet per trapani e fresatrici | Tecno Pi\u00f9","description":"Il Lubrorefrigeratore mod. LTS.02 \u00e8 un dispositivo per lubrificare l'utensile e il pezzo in lavorazione su macchine utensili a mandrino verticale","robots":{"index":"index","follow":"follow","max-snippet":"max-snippet:-1","max-image-preview":"max-image-preview:large","max-video-preview":"max-video-preview:-1"},"canonical":"https:\/\/www.tecnopiu.it\/it\/prodotto\/lubrorefrigeratore-aria-olio-serie-oiljet-per-trapani-e-fresatrici\/","og_locale":"it_IT","og_type":"article","og_title":"Lubrorefrigeratore Aria-Olio serie OilJet per trapani e fresatrici | Tecno Pi\u00f9","og_description":"Il Lubrorefrigeratore mod. LTS.02 \u00e8 un dispositivo per lubrificare l'utensile e il pezzo in lavorazione su macchine utensili a mandrino verticale","og_url":"https:\/\/www.tecnopiu.it\/it\/prodotto\/lubrorefrigeratore-aria-olio-serie-oiljet-per-trapani-e-fresatrici\/","og_site_name":"Tecno Pi\u00f9","article_modified_time":"2025-02-13T08:09:34+00:00","og_image":[{"width":1707,"height":2560,"url":"https:\/\/www.tecnopiu.it\/wp-content\/uploads\/2024\/08\/9719_LTS--scaled.jpg","type":"image\/jpeg"}],"twitter_card":"summary_large_image","twitter_misc":{"Tempo di lettura stimato":"12 minuti"},"schema":{"@context":"https:\/\/schema.org","@graph":[{"@type":"WebPage","@id":"https:\/\/www.tecnopiu.it\/it\/prodotto\/lubrorefrigeratore-aria-olio-serie-oiljet-per-trapani-e-fresatrici\/","url":"https:\/\/www.tecnopiu.it\/it\/prodotto\/lubrorefrigeratore-aria-olio-serie-oiljet-per-trapani-e-fresatrici\/","name":"Lubrorefrigeratore Aria-Olio serie OilJet per trapani e fresatrici | Tecno Pi\u00f9","isPartOf":{"@id":"https:\/\/www.tecnopiu.it\/it\/#website"},"primaryImageOfPage":{"@id":"https:\/\/www.tecnopiu.it\/it\/prodotto\/lubrorefrigeratore-aria-olio-serie-oiljet-per-trapani-e-fresatrici\/#primaryimage"},"image":{"@id":"https:\/\/www.tecnopiu.it\/it\/prodotto\/lubrorefrigeratore-aria-olio-serie-oiljet-per-trapani-e-fresatrici\/#primaryimage"},"thumbnailUrl":"https:\/\/www.tecnopiu.it\/wp-content\/uploads\/2024\/08\/9719_LTS--scaled.jpg","datePublished":"2024-08-05T21:11:18+00:00","dateModified":"2025-02-13T08:09:34+00:00","description":"Il Lubrorefrigeratore mod. LTS.02 \u00e8 un dispositivo per lubrificare l'utensile e il pezzo in lavorazione su macchine utensili a mandrino verticale","breadcrumb":{"@id":"https:\/\/www.tecnopiu.it\/it\/prodotto\/lubrorefrigeratore-aria-olio-serie-oiljet-per-trapani-e-fresatrici\/#breadcrumb"},"inLanguage":"it-IT","potentialAction":[{"@type":"ReadAction","target":["https:\/\/www.tecnopiu.it\/it\/prodotto\/lubrorefrigeratore-aria-olio-serie-oiljet-per-trapani-e-fresatrici\/"]}]},{"@type":"ImageObject","inLanguage":"it-IT","@id":"https:\/\/www.tecnopiu.it\/it\/prodotto\/lubrorefrigeratore-aria-olio-serie-oiljet-per-trapani-e-fresatrici\/#primaryimage","url":"https:\/\/www.tecnopiu.it\/wp-content\/uploads\/2024\/08\/9719_LTS--scaled.jpg","contentUrl":"https:\/\/www.tecnopiu.it\/wp-content\/uploads\/2024\/08\/9719_LTS--scaled.jpg","width":1707,"height":2560},{"@type":"BreadcrumbList","@id":"https:\/\/www.tecnopiu.it\/it\/prodotto\/lubrorefrigeratore-aria-olio-serie-oiljet-per-trapani-e-fresatrici\/#breadcrumb","itemListElement":[{"@type":"ListItem","position":1,"name":"Home","item":"https:\/\/www.tecnopiu.it\/it\/"},{"@type":"ListItem","position":2,"name":"Prodotti","item":"https:\/\/www.tecnopiu.it\/it\/prodotti\/"},{"@type":"ListItem","position":3,"name":"LTS.02 - Lubrorefrigeratore Aria-Olio serie OilJet per trapani e fresatrici"}]},{"@type":"WebSite","@id":"https:\/\/www.tecnopiu.it\/it\/#website","url":"https:\/\/www.tecnopiu.it\/it\/","name":"Tecno Pi\u00f9","description":"","publisher":{"@id":"https:\/\/www.tecnopiu.it\/it\/#organization"},"potentialAction":[{"@type":"SearchAction","target":{"@type":"EntryPoint","urlTemplate":"https:\/\/www.tecnopiu.it\/it\/?s={search_term_string}"},"query-input":{"@type":"PropertyValueSpecification","valueRequired":true,"valueName":"search_term_string"}}],"inLanguage":"it-IT"},{"@type":"Organization","@id":"https:\/\/www.tecnopiu.it\/it\/#organization","name":"Tecno Pi\u00f9","url":"https:\/\/www.tecnopiu.it\/it\/","logo":{"@type":"ImageObject","inLanguage":"it-IT","@id":"https:\/\/www.tecnopiu.it\/it\/#\/schema\/logo\/image\/","url":"https:\/\/www.tecnopiu.it\/wp-content\/uploads\/2023\/05\/tecnopiu-std.png","contentUrl":"https:\/\/www.tecnopiu.it\/wp-content\/uploads\/2023\/05\/tecnopiu-std.png","width":652,"height":156,"caption":"Tecno Pi\u00f9"},"image":{"@id":"https:\/\/www.tecnopiu.it\/it\/#\/schema\/logo\/image\/"}}]}},"_links":{"self":[{"href":"https:\/\/www.tecnopiu.it\/it\/wp-json\/wp\/v2\/product\/5487","targetHints":{"allow":["GET"]}}],"collection":[{"href":"https:\/\/www.tecnopiu.it\/it\/wp-json\/wp\/v2\/product"}],"about":[{"href":"https:\/\/www.tecnopiu.it\/it\/wp-json\/wp\/v2\/types\/product"}],"replies":[{"embeddable":true,"href":"https:\/\/www.tecnopiu.it\/it\/wp-json\/wp\/v2\/comments?post=5487"}],"wp:featuredmedia":[{"embeddable":true,"href":"https:\/\/www.tecnopiu.it\/it\/wp-json\/wp\/v2\/media\/5513"}],"wp:attachment":[{"href":"https:\/\/www.tecnopiu.it\/it\/wp-json\/wp\/v2\/media?parent=5487"}],"wp:term":[{"taxonomy":"product_brand","embeddable":true,"href":"https:\/\/www.tecnopiu.it\/it\/wp-json\/wp\/v2\/product_brand?post=5487"},{"taxonomy":"product_cat","embeddable":true,"href":"https:\/\/www.tecnopiu.it\/it\/wp-json\/wp\/v2\/product_cat?post=5487"},{"taxonomy":"product_tag","embeddable":true,"href":"https:\/\/www.tecnopiu.it\/it\/wp-json\/wp\/v2\/product_tag?post=5487"}],"curies":[{"name":"wp","href":"https:\/\/api.w.org\/{rel}","templated":true}]}}